{"id":2,"date":"2012-01-09T21:05:04","date_gmt":"2012-01-09T21:05:04","guid":{"rendered":"http:\/\/tomsreisen.com\/\/?page_id=2"},"modified":"2025-07-23T18:11:00","modified_gmt":"2025-07-23T16:11:00","slug":"sample-page","status":"publish","type":"page","link":"https:\/\/tomsreisen.com\/?page_id=2","title":{"rendered":"Freizeitparks in Florida"},"content":{"rendered":"\n<h2 class=\"wp-block-heading\"><strong>Walt Disney World<\/strong><\/h2>\n\n\n\n<figure class=\"wp-block-image size-full is-resized\"><a href=\"https:\/\/tomsreisen.com\/wp-content\/uploads\/2025\/07\/disney.jpg\"><img loading=\"lazy\" decoding=\"async\" width=\"960\" height=\"720\" src=\"https:\/\/tomsreisen.com\/wp-content\/uploads\/2025\/07\/disney.jpg\" alt=\"\" class=\"wp-image-169\" style=\"width:454px;height:auto\" srcset=\"https:\/\/tomsreisen.com\/wp-content\/uploads\/2025\/07\/disney.jpg 960w, https:\/\/tomsreisen.com\/wp-content\/uploads\/2025\/07\/disney-300x225.jpg 300w, https:\/\/tomsreisen.com\/wp-content\/uploads\/2025\/07\/disney-768x576.jpg 768w\" sizes=\"auto, (max-width: 960px) 100vw, 960px\" \/><\/a><\/figure>\n\n\n\n<p>Disney World in Florida besteht aus 4 einzelnen Themenparks<\/p>\n\n\n\n<ul class=\"wp-block-list\">\n<li>Magic Kingdom<\/li>\n\n\n\n<li>Epcot Center<\/li>\n\n\n\n<li>Animal Kingdom<\/li>\n\n\n\n<li>MGM Studios<\/li>\n<\/ul>\n\n\n\n<p>sowie 2 Wasserparks<\/p>\n\n\n\n<ul class=\"wp-block-list\">\n<li>Blizzard Beach<\/li>\n\n\n\n<li>Typhoon Lagoon<\/li>\n<\/ul>\n\n\n\n<p>Walt Disney World in Florida bietet ein kostenloses Transportsystem zwischen den einzelnen Parks an, mit dem Bus, der Monorail, dem Zug oder dem Schiff.<\/p>\n\n\n\n<p>Man sollte sich auf jeden Fall die &#8220;My Disney Experience App&#8221; runterladen. Ideal f\u00fcr die elektronischen Tickets und den WDW Transport, sowie um sich die Wartezeiten anzeigen zu lassen. Das ist sehr hilfreich f\u00fcr die Planung.<\/p>\n\n\n\n<p>Es gibt Einzeltickets f\u00fcr jeden Park aber auch Kombitickets f\u00fcr mehrere Parks.<\/p>\n\n\n\n<p>Alle Tickets gibt es als Tagespass oder Mehrtagespass, <a href=\"https:\/\/www.undercovertourist.com\/orlando\/4-day-park-hopper-plus-extra-day-free-ticket\/?AID=11441099&amp;PID=8531915&amp;cjevent=36c973ab67da11f0818f01370a18b8fa\" data-type=\"link\" data-id=\"https:\/\/www.undercovertourist.com\/orlando\/4-day-park-hopper-plus-extra-day-free-ticket\/?AID=11441099&amp;PID=8531915&amp;cjevent=36c973ab67da11f0818f01370a18b8fa\">hier k\u00f6nnt Ihr buchen<\/a>.<\/p>\n\n\n\n<p>&#8212;&#8212;&#8212;&#8212;&#8212;&#8212;&#8212;&#8212;&#8212;&#8212;&#8212;&#8212;&#8212;&#8212;&#8212;&#8212;&#8212;&#8212;&#8212;&#8212;&#8212;&#8212;&#8212;&#8212;&#8212;&#8212;&#8212;&#8212;&#8212;&#8212;&#8212;&#8212;&#8212;&#8212;&#8212;&#8212;&#8212;&#8212;&#8211;<\/p>\n\n\n\n<h2 class=\"wp-block-heading\">Universal Studios<\/h2>\n\n\n\n<figure class=\"wp-block-image size-full is-resized\"><a href=\"https:\/\/tomsreisen.com\/wp-content\/uploads\/2025\/07\/universal-1.jpg\"><img loading=\"lazy\" decoding=\"async\" width=\"960\" height=\"540\" src=\"https:\/\/tomsreisen.com\/wp-content\/uploads\/2025\/07\/universal-1.jpg\" alt=\"\" class=\"wp-image-177\" style=\"width:455px;height:auto\" srcset=\"https:\/\/tomsreisen.com\/wp-content\/uploads\/2025\/07\/universal-1.jpg 960w, https:\/\/tomsreisen.com\/wp-content\/uploads\/2025\/07\/universal-1-300x169.jpg 300w, https:\/\/tomsreisen.com\/wp-content\/uploads\/2025\/07\/universal-1-768x432.jpg 768w\" sizes=\"auto, (max-width: 960px) 100vw, 960px\" \/><\/a><\/figure>\n\n\n\n<p>Die Universal Studios in Orlando bestehen aus 3 Themenparks<\/p>\n\n\n\n<ul class=\"wp-block-list\">\n<li>Universal Studios<\/li>\n\n\n\n<li>Island of Adventure <\/li>\n\n\n\n<li>sowie dem Wasserpark Volcano Bay<\/li>\n<\/ul>\n\n\n\n<p>Harry Potter Fans sollten sich auf jeden Fall f\u00fcr ein sogenanntes Park-to-Park-Ticket entscheiden, denn nur mit diesen Tickets kann man den&nbsp;Hogwarts-Express nutzen, um von einem Park in den anderen zu gelangen!<\/p>\n\n\n\n<p>Im Island of&nbsp; Adventure befindet sich&nbsp;Hogwarts Castle&nbsp;and Hogsmeade Village, in den Universal Studios befindet sich&nbsp;Diagon Alley.<\/p>\n\n\n\n<p>Beide Bereiche beinhalten spezielle Harry Potter Rides.<\/p>\n\n\n\n<p>Im IOA sind das&nbsp;Hagrid&#8217;s Magical Creatures Motorbike Adventure und Harry Potter and the Forbidden Journey, In den US ist es&nbsp;Escape from Gringotts.<\/p>\n\n\n\n<p>Buchen k\u00f6nnt Ihr <a href=\"https:\/\/www.undercovertourist.com\/orlando\/universal-orlando-resort\/?AID=12540773&amp;PID=8531915&amp;cjevent=64db738967da11f0818f01380a18b8fa\" data-type=\"link\" data-id=\"https:\/\/www.undercovertourist.com\/orlando\/universal-orlando-resort\/?AID=12540773&amp;PID=8531915&amp;cjevent=64db738967da11f0818f01380a18b8fa\">hier:<\/a><\/p>\n\n\n\n<p>&#8212;&#8212;&#8212;&#8212;&#8212;&#8212;&#8212;&#8212;&#8212;&#8212;&#8212;&#8212;&#8212;&#8212;&#8212;&#8212;&#8212;&#8212;&#8212;&#8212;&#8212;&#8212;&#8212;&#8212;&#8212;&#8212;&#8212;&#8212;&#8212;&#8212;&#8212;&#8212;&#8212;&#8212;&#8212;&#8212;&#8212;&#8212;&#8211;<\/p>\n\n\n\n<h2 class=\"wp-block-heading\">Sea World und Busch Gardens<\/h2>\n\n\n\n<figure class=\"wp-block-image size-full is-resized\"><a href=\"https:\/\/tomsreisen.com\/wp-content\/uploads\/2025\/07\/seaworld.jpg\"><img loading=\"lazy\" decoding=\"async\" width=\"960\" height=\"1003\" src=\"https:\/\/tomsreisen.com\/wp-content\/uploads\/2025\/07\/seaworld.jpg\" alt=\"\" class=\"wp-image-173\" style=\"width:456px;height:auto\" srcset=\"https:\/\/tomsreisen.com\/wp-content\/uploads\/2025\/07\/seaworld.jpg 960w, https:\/\/tomsreisen.com\/wp-content\/uploads\/2025\/07\/seaworld-287x300.jpg 287w, https:\/\/tomsreisen.com\/wp-content\/uploads\/2025\/07\/seaworld-768x802.jpg 768w\" sizes=\"auto, (max-width: 960px) 100vw, 960px\" \/><\/a><\/figure>\n\n\n\n<p>Seaworld in Orlando besteht aus 2 Parks<\/p>\n\n\n\n<ul class=\"wp-block-list\">\n<li>Seaworld<\/li>\n\n\n\n<li>Wasserpark Aquatica<\/li>\n<\/ul>\n\n\n\n<p>sowie den Schwesterparks in Tampa<\/p>\n\n\n\n<ul class=\"wp-block-list\">\n<li>Busch Gardens<\/li>\n\n\n\n<li>Wasserpark Adventure Island<\/li>\n<\/ul>\n\n\n\n<p>Ein einzigartiges Rollercoaster-Erlebnis bietet &#8220;Kraken&#8221;, ein Floorless-Coaster. &#8220;Kraken&#8221; sorgt nicht unter anderem durch seine sieben Inversionen f\u00fcr einen Adrenalinrausch.<\/p>\n\n\n\n<p>Mako ist der schnellste und l\u00e4ngste Coaster in Florida.<\/p>\n\n\n\n<p>Eine weitere Besonderheit ist der Rollercoaster &#8220;Manta&#8221;, hier werden die Fahrg\u00e4ste auf dem Bauch liegend bef\u00f6rdert!<\/p>\n\n\n\n<p>Der neueste Coaster, Ice Breaker, hat die meisten Beschleunigungen eines Coasters weltweit.<\/p>\n\n\n\n<p>Bei \u201eInfinity Falls\u201c k\u00f6nnen sich Fahrg\u00e4ste in Rundbooten aus 12 Metern H\u00f6he ins k\u00fchle Nass st\u00fcrzen.<\/p>\n\n\n\n<p>Es gibt Einzeltickets und Kombitickets f\u00fcr mehrere Parks. Buchen k\u00f6nnt Ihr <a href=\"https:\/\/www.undercovertourist.com\/orlando\/seaworld-orlando-resort\/?AID=12540778&amp;PID=8531915&amp;cjevent=7eee8ed667da11f0837d014a0a18ba72\" data-type=\"link\" data-id=\"https:\/\/www.undercovertourist.com\/orlando\/seaworld-orlando-resort\/?AID=12540778&amp;PID=8531915&amp;cjevent=7eee8ed667da11f0837d014a0a18ba72\">hier<\/a>:<\/p>\n\n\n\n<p><\/p>\n","protected":false},"excerpt":{"rendered":"<p>Walt Disney World Disney World in Florida besteht aus 4 einzelnen Themenparks sowie 2 Wasserparks Walt Disney World in Florida bietet ein kostenloses Transportsystem zwischen den einzelnen Parks an, mit dem Bus, der Monorail, dem Zug oder dem Schiff. Man sollte sich auf jeden Fall die &#8220;My Disney Experience App&#8221; runterladen. Ideal f\u00fcr die elektronischen &hellip; <a class=\"read-excerpt\" href=\"https:\/\/tomsreisen.com\/?page_id=2\">Continue reading <span class=\"meta-nav\">&raquo;<\/span><\/a><\/p>\n","protected":false},"author":1,"featured_media":0,"parent":0,"menu_order":0,"comment_status":"closed","ping_status":"closed","template":"","meta":{"footnotes":""},"class_list":["post-2","page","type-page","status-publish","hentry"],"_links":{"self":[{"href":"https:\/\/tomsreisen.com\/index.php?rest_route=\/wp\/v2\/pages\/2","targetHints":{"allow":["GET"]}}],"collection":[{"href":"https:\/\/tomsreisen.com\/index.php?rest_route=\/wp\/v2\/pages"}],"about":[{"href":"https:\/\/tomsreisen.com\/index.php?rest_route=\/wp\/v2\/types\/page"}],"author":[{"embeddable":true,"href":"https:\/\/tomsreisen.com\/index.php?rest_route=\/wp\/v2\/users\/1"}],"replies":[{"embeddable":true,"href":"https:\/\/tomsreisen.com\/index.php?rest_route=%2Fwp%2Fv2%2Fcomments&post=2"}],"version-history":[{"count":22,"href":"https:\/\/tomsreisen.com\/index.php?rest_route=\/wp\/v2\/pages\/2\/revisions"}],"predecessor-version":[{"id":181,"href":"https:\/\/tomsreisen.com\/index.php?rest_route=\/wp\/v2\/pages\/2\/revisions\/181"}],"wp:attachment":[{"href":"https:\/\/tomsreisen.com\/index.php?rest_route=%2Fwp%2Fv2%2Fmedia&parent=2"}],"curies":[{"name":"wp","href":"https:\/\/api.w.org\/{rel}","templated":true}]}}